{"id":212,"date":"2023-05-30T00:49:29","date_gmt":"2023-05-30T00:49:29","guid":{"rendered":"https:\/\/clintonave.mycorphs.com\/?page_id=212"},"modified":"2025-08-26T12:39:37","modified_gmt":"2025-08-26T16:39:37","slug":"eventos","status":"publish","type":"page","link":"https:\/\/clintonavechurch.org\/index.php\/eventos\/","title":{"rendered":"Eventos"},"content":{"rendered":"\t\t<div data-elementor-type=\"wp-page\" data-elementor-id=\"212\" class=\"elementor elementor-212\" data-elementor-post-type=\"page\">\n\t\t\t\t\t\t<section class=\"elementor-section elementor-top-section elementor-element elementor-element-ee170a4 elementor-section-boxed elementor-section-height-default elementor-section-height-default\" data-id=\"ee170a4\" data-element_type=\"section\" data-e-type=\"section\">\n\t\t\t\t\t\t<div class=\"elementor-container elementor-column-gap-default\">\n\t\t\t\t\t<div class=\"elementor-column elementor-col-100 elementor-top-column elementor-element elementor-element-56deee0\" data-id=\"56deee0\" data-element_type=\"column\" data-e-type=\"column\">\n\t\t\t<div class=\"elementor-widget-wrap elementor-element-populated\">\n\t\t\t\t\t\t<div class=\"elementor-element elementor-element-5b12540 elementor-widget elementor-widget-heading\" data-id=\"5b12540\" data-element_type=\"widget\" data-e-type=\"widget\" data-widget_type=\"heading.default\">\n\t\t\t\t<div class=\"elementor-widget-container\">\n\t\t\t\t\t<h2 class=\"elementor-heading-title elementor-size-default\">Familias Inmigrantes Hispanas<\/h2>\t\t\t\t<\/div>\n\t\t\t\t<\/div>\n\t\t\t\t\t<\/div>\n\t\t<\/div>\n\t\t\t\t\t<\/div>\n\t\t<\/section>\n\t\t\t\t<section class=\"elementor-section elementor-top-section elementor-element elementor-element-5bab481 elementor-section-boxed elementor-section-height-default elementor-section-height-default\" data-id=\"5bab481\" data-element_type=\"section\" data-e-type=\"section\">\n\t\t\t\t\t\t<div class=\"elementor-container elementor-column-gap-default\">\n\t\t\t\t\t<div class=\"elementor-column elementor-col-100 elementor-top-column elementor-element elementor-element-cadd419\" data-id=\"cadd419\" data-element_type=\"column\" data-e-type=\"column\">\n\t\t\t<div class=\"elementor-widget-wrap elementor-element-populated\">\n\t\t\t\t\t\t<div class=\"elementor-element elementor-element-7c57655 elementor-widget elementor-widget-text-editor\" data-id=\"7c57655\" data-element_type=\"widget\" data-e-type=\"widget\" data-widget_type=\"text-editor.default\">\n\t\t\t\t<div class=\"elementor-widget-container\">\n\t\t\t\t\t\t\t\t\t<p>Nos unimos como iglesia cristiana evang\u00e9lica a la celebraci\u00f3n en el mes de la hispanidad (Octubre).<\/p><p>Invitamos a las familias inmigrantes hispanas a una serie de conferencias sobre la salud mental y los traumas en las familias inmigrantes.<br \/>S\u00e1bado Octubre 5, 2024<br \/>Hora: 1 a 5 pm<br \/>Habr\u00e1 refrigerio<br \/>Oportunidad de hacer preguntas<br \/>Conferencistas:<br \/>Dra. Ileana Ramos<br \/>M\u00e9dica Cirujana Graduada en Guayaquil Ecuador &#8211; Master en Consejer\u00eda y Terapia de Familia y Parejas<\/p><p>Dr. Pedro Agudelo<br \/>Doctor en el Ministerio de la Palabra y Sacramentos<br \/>Pastor iglesia de Cristo La Roca. Queens, Village, NY<br \/><br \/>Desaf\u00edos y retos que sufrimos como familias inmigrantes:<br \/>&#8211; Adaptaci\u00f3n a una cultura diferente<br \/>&#8211; Aprendizaje de un nuevo idioma<br \/>&#8211; Enfrentar problemas de salud<br \/>&#8211; Estr\u00e9s y sentimientos de soledad<\/p>\t\t\t\t\t\t\t\t<\/div>\n\t\t\t\t<\/div>\n\t\t\t\t\t<\/div>\n\t\t<\/div>\n\t\t\t\t\t<\/div>\n\t\t<\/section>\n\t\t\t\t<section class=\"elementor-section elementor-top-section elementor-element elementor-element-7be867c elementor-section-boxed elementor-section-height-default elementor-section-height-default\" data-id=\"7be867c\" data-element_type=\"section\" data-e-type=\"section\">\n\t\t\t\t\t\t<div class=\"elementor-container elementor-column-gap-default\">\n\t\t\t\t\t<div class=\"elementor-column elementor-col-100 elementor-top-column elementor-element elementor-element-2e8a612\" data-id=\"2e8a612\" data-element_type=\"column\" data-e-type=\"column\">\n\t\t\t<div class=\"elementor-widget-wrap elementor-element-populated\">\n\t\t\t\t\t\t<div class=\"elementor-element elementor-element-74943be elementor-widget elementor-widget-image\" data-id=\"74943be\" data-element_type=\"widget\" data-e-type=\"widget\" data-widget_type=\"image.default\">\n\t\t\t\t<div class=\"elementor-widget-container\">\n\t\t\t\t\t\t\t\t\t\t\t\t\t\t\t<img fetchpriority=\"high\" decoding=\"async\" width=\"800\" height=\"450\" src=\"https:\/\/clintonavechurch.org\/wp-content\/uploads\/2025\/08\/image1-1024x576.png\" class=\"attachment-large size-large wp-image-1480\" alt=\"\" srcset=\"https:\/\/clintonavechurch.org\/wp-content\/uploads\/2025\/08\/image1-1024x576.png 1024w, https:\/\/clintonavechurch.org\/wp-content\/uploads\/2025\/08\/image1-300x169.png 300w, https:\/\/clintonavechurch.org\/wp-content\/uploads\/2025\/08\/image1-768x432.png 768w, https:\/\/clintonavechurch.org\/wp-content\/uploads\/2025\/08\/image1-1536x864.png 1536w, https:\/\/clintonavechurch.org\/wp-content\/uploads\/2025\/08\/image1.png 1600w\" sizes=\"(max-width: 800px) 100vw, 800px\" \/>\t\t\t\t\t\t\t\t\t\t\t\t\t\t\t<\/div>\n\t\t\t\t<\/div>\n\t\t\t\t<div class=\"elementor-element elementor-element-b8e8e93 elementor-widget elementor-widget-image\" data-id=\"b8e8e93\" data-element_type=\"widget\" data-e-type=\"widget\" data-widget_type=\"image.default\">\n\t\t\t\t<div class=\"elementor-widget-container\">\n\t\t\t\t\t\t\t\t\t\t\t\t\t\t\t<img decoding=\"async\" width=\"800\" height=\"600\" src=\"https:\/\/clintonavechurch.org\/wp-content\/uploads\/2025\/08\/image4-1024x768.png\" class=\"attachment-large size-large wp-image-1483\" alt=\"\" srcset=\"https:\/\/clintonavechurch.org\/wp-content\/uploads\/2025\/08\/image4-1024x768.png 1024w, https:\/\/clintonavechurch.org\/wp-content\/uploads\/2025\/08\/image4-300x225.png 300w, https:\/\/clintonavechurch.org\/wp-content\/uploads\/2025\/08\/image4-768x576.png 768w, https:\/\/clintonavechurch.org\/wp-content\/uploads\/2025\/08\/image4-1536x1152.png 1536w, https:\/\/clintonavechurch.org\/wp-content\/uploads\/2025\/08\/image4.png 1600w\" sizes=\"(max-width: 800px) 100vw, 800px\" \/>\t\t\t\t\t\t\t\t\t\t\t\t\t\t\t<\/div>\n\t\t\t\t<\/div>\n\t\t\t\t\t<\/div>\n\t\t<\/div>\n\t\t\t\t\t<\/div>\n\t\t<\/section>\n\t\t\t\t<section class=\"elementor-section elementor-top-section elementor-element elementor-element-6af3406 elementor-section-boxed elementor-section-height-default elementor-section-height-default\" data-id=\"6af3406\" data-element_type=\"section\" data-e-type=\"section\">\n\t\t\t\t\t\t<div class=\"elementor-container elementor-column-gap-default\">\n\t\t\t\t\t<div class=\"elementor-column elementor-col-100 elementor-top-column elementor-element elementor-element-dbb256b\" data-id=\"dbb256b\" data-element_type=\"column\" data-e-type=\"column\">\n\t\t\t<div class=\"elementor-widget-wrap\">\n\t\t\t\t\t\t\t<\/div>\n\t\t<\/div>\n\t\t\t\t\t<\/div>\n\t\t<\/section>\n\t\t\t\t<section class=\"elementor-section elementor-top-section elementor-element elementor-element-a4dd53a elementor-section-boxed elementor-section-height-default elementor-section-height-default\" data-id=\"a4dd53a\" data-element_type=\"section\" data-e-type=\"section\">\n\t\t\t\t\t\t<div class=\"elementor-container elementor-column-gap-default\">\n\t\t\t\t\t<div class=\"elementor-column elementor-col-50 elementor-top-column elementor-element elementor-element-6a23ab6\" data-id=\"6a23ab6\" data-element_type=\"column\" data-e-type=\"column\">\n\t\t\t<div class=\"elementor-widget-wrap elementor-element-populated\">\n\t\t\t\t\t\t<div class=\"elementor-element elementor-element-9c91d77 elementor-widget elementor-widget-image\" data-id=\"9c91d77\" data-element_type=\"widget\" data-e-type=\"widget\" data-widget_type=\"image.default\">\n\t\t\t\t<div class=\"elementor-widget-container\">\n\t\t\t\t\t\t\t\t\t\t\t\t\t\t\t<img decoding=\"async\" width=\"768\" height=\"1024\" src=\"https:\/\/clintonavechurch.org\/wp-content\/uploads\/2025\/08\/image3-768x1024.png\" class=\"attachment-large size-large wp-image-1482\" alt=\"\" srcset=\"https:\/\/clintonavechurch.org\/wp-content\/uploads\/2025\/08\/image3-768x1024.png 768w, https:\/\/clintonavechurch.org\/wp-content\/uploads\/2025\/08\/image3-225x300.png 225w, https:\/\/clintonavechurch.org\/wp-content\/uploads\/2025\/08\/image3-1152x1536.png 1152w, https:\/\/clintonavechurch.org\/wp-content\/uploads\/2025\/08\/image3.png 1536w\" sizes=\"(max-width: 768px) 100vw, 768px\" \/>\t\t\t\t\t\t\t\t\t\t\t\t\t\t\t<\/div>\n\t\t\t\t<\/div>\n\t\t\t\t\t<\/div>\n\t\t<\/div>\n\t\t\t\t<div class=\"elementor-column elementor-col-50 elementor-top-column elementor-element elementor-element-8680394\" data-id=\"8680394\" data-element_type=\"column\" data-e-type=\"column\">\n\t\t\t<div class=\"elementor-widget-wrap elementor-element-populated\">\n\t\t\t\t\t\t<div class=\"elementor-element elementor-element-6b57496 elementor-widget elementor-widget-image\" data-id=\"6b57496\" data-element_type=\"widget\" data-e-type=\"widget\" data-widget_type=\"image.default\">\n\t\t\t\t<div class=\"elementor-widget-container\">\n\t\t\t\t\t\t\t\t\t\t\t\t\t\t\t<img loading=\"lazy\" decoding=\"async\" width=\"800\" height=\"450\" src=\"https:\/\/clintonavechurch.org\/wp-content\/uploads\/2025\/08\/image2-1024x576.png\" class=\"attachment-large size-large wp-image-1481\" alt=\"\" srcset=\"https:\/\/clintonavechurch.org\/wp-content\/uploads\/2025\/08\/image2-1024x576.png 1024w, https:\/\/clintonavechurch.org\/wp-content\/uploads\/2025\/08\/image2-300x169.png 300w, https:\/\/clintonavechurch.org\/wp-content\/uploads\/2025\/08\/image2-768x432.png 768w, https:\/\/clintonavechurch.org\/wp-content\/uploads\/2025\/08\/image2-1536x864.png 1536w, https:\/\/clintonavechurch.org\/wp-content\/uploads\/2025\/08\/image2.png 1600w\" sizes=\"(max-width: 800px) 100vw, 800px\" \/>\t\t\t\t\t\t\t\t\t\t\t\t\t\t\t<\/div>\n\t\t\t\t<\/div>\n\t\t\t\t\t<\/div>\n\t\t<\/div>\n\t\t\t\t\t<\/div>\n\t\t<\/section>\n\t\t\t\t<\/div>\n\t\t","protected":false},"excerpt":{"rendered":"<p>Familias Inmigrantes Hispanas Nos unimos como iglesia cristiana evang\u00e9lica a la celebraci\u00f3n en el mes de la hispanidad (Octubre). Invitamos a las familias inmigrantes hispanas a una serie de conferencias sobre la salud mental y los traumas en las familias inmigrantes.S\u00e1bado Octubre 5, 2024Hora: 1 a 5 pmHabr\u00e1 refrigerioOportunidad de hacer preguntasConferencistas:Dra. Ileana RamosM\u00e9dica Cirujana [&hellip;]<\/p>\n","protected":false},"author":1,"featured_media":0,"parent":0,"menu_order":0,"comment_status":"closed","ping_status":"closed","template":"","meta":{"footnotes":""},"class_list":["post-212","page","type-page","status-publish","hentry"],"_links":{"self":[{"href":"https:\/\/clintonavechurch.org\/index.php\/wp-json\/wp\/v2\/pages\/212","targetHints":{"allow":["GET"]}}],"collection":[{"href":"https:\/\/clintonavechurch.org\/index.php\/wp-json\/wp\/v2\/pages"}],"about":[{"href":"https:\/\/clintonavechurch.org\/index.php\/wp-json\/wp\/v2\/types\/page"}],"author":[{"embeddable":true,"href":"https:\/\/clintonavechurch.org\/index.php\/wp-json\/wp\/v2\/users\/1"}],"replies":[{"embeddable":true,"href":"https:\/\/clintonavechurch.org\/index.php\/wp-json\/wp\/v2\/comments?post=212"}],"version-history":[{"count":19,"href":"https:\/\/clintonavechurch.org\/index.php\/wp-json\/wp\/v2\/pages\/212\/revisions"}],"predecessor-version":[{"id":1486,"href":"https:\/\/clintonavechurch.org\/index.php\/wp-json\/wp\/v2\/pages\/212\/revisions\/1486"}],"wp:attachment":[{"href":"https:\/\/clintonavechurch.org\/index.php\/wp-json\/wp\/v2\/media?parent=212"}],"curies":[{"name":"wp","href":"https:\/\/api.w.org\/{rel}","templated":true}]}}